{"id":521,"date":"2026-04-09T09:11:51","date_gmt":"2026-04-09T06:11:51","guid":{"rendered":"http:\/\/localhost\/machic\/?post_type=product&#038;p=521"},"modified":"2026-04-11T17:47:17","modified_gmt":"2026-04-11T14:47:17","slug":"caleffi-103-serisi-dinamik-balans-vanasi-autoflow","status":"publish","type":"product","link":"https:\/\/super-yapi.com\/?product=caleffi-103-serisi-dinamik-balans-vanasi-autoflow","title":{"rendered":"Caleffi 103 Serisi &#8211; Dinamik Balans Vanas\u0131 (Autoflow)"},"content":{"rendered":"<p data-path-to-node=\"5\"><b data-path-to-node=\"5\" data-index-in-node=\"0\">\u00dcr\u00fcn Kodu:<\/b> 103111<\/p>\n<p data-path-to-node=\"6\"><b data-path-to-node=\"6\" data-index-in-node=\"0\">Marka:<\/b> Caleffi Is\u0131tma<\/p>\n<p data-path-to-node=\"7\"><b data-path-to-node=\"7\" data-index-in-node=\"0\">Teknik \u00d6zellik:<\/b> Flan\u015fl\u0131 tip, d\u00f6kme demir g\u00f6vde ve paslanmaz \u00e7elik AUTOFLOW kartu\u015f ile donat\u0131lm\u0131\u015f, otomatik debi d\u00fczenleyici balans vanas\u0131d\u0131r. 1\/2&#8243; ile 2&#8243; aras\u0131 y\u00fcksek dayan\u0131ml\u0131 polimer se\u00e7enekleriyle projelerinizde tam kontrol sa\u011flar.<\/p>\n<p data-path-to-node=\"7\"><b data-path-to-node=\"10\" data-index-in-node=\"0\">Caleffi Dinamik Balans Vanas\u0131<\/b>, \u0131s\u0131tma ve so\u011futma sistemlerinde debiyi otomatik olarak dengelemek i\u00e7in tasarlanm\u0131\u015f y\u00fcksek teknolojili bir \u00e7\u00f6z\u00fcmd\u00fcr.<\/p>\n","protected":false},"excerpt":{"rendered":"<p data-path-to-node=\"5\"><b data-path-to-node=\"5\" data-index-in-node=\"0\">\u00dcr\u00fcn Kodu:<\/b> 103111<\/p>\n<p data-path-to-node=\"6\"><b data-path-to-node=\"6\" data-index-in-node=\"0\">Marka:<\/b> Caleffi Is\u0131tma<\/p>\n","protected":false},"featured_media":2817,"template":"","meta":[],"product_brand":[135],"product_cat":[77,28,15],"product_tag":[],"class_list":{"0":"post-521","1":"product","2":"type-product","3":"status-publish","4":"has-post-thumbnail","6":"product_brand-caleffi-isitma","7":"product_cat-caleffi","8":"product_cat-sirkulasyon-pompalari","9":"product_cat-su-aritma-sistemleri","11":"first","12":"instock","13":"featured","14":"shipping-taxable","15":"product-type-simple"},"_links":{"self":[{"href":"https:\/\/super-yapi.com\/index.php?rest_route=\/wp\/v2\/product\/521","targetHints":{"allow":["GET"]}}],"collection":[{"href":"https:\/\/super-yapi.com\/index.php?rest_route=\/wp\/v2\/product"}],"about":[{"href":"https:\/\/super-yapi.com\/index.php?rest_route=\/wp\/v2\/types\/product"}],"wp:featuredmedia":[{"embeddable":true,"href":"https:\/\/super-yapi.com\/index.php?rest_route=\/wp\/v2\/media\/2817"}],"wp:attachment":[{"href":"https:\/\/super-yapi.com\/index.php?rest_route=%2Fwp%2Fv2%2Fmedia&parent=521"}],"wp:term":[{"taxonomy":"product_brand","embeddable":true,"href":"https:\/\/super-yapi.com\/index.php?rest_route=%2Fwp%2Fv2%2Fproduct_brand&post=521"},{"taxonomy":"product_cat","embeddable":true,"href":"https:\/\/super-yapi.com\/index.php?rest_route=%2Fwp%2Fv2%2Fproduct_cat&post=521"},{"taxonomy":"product_tag","embeddable":true,"href":"https:\/\/super-yapi.com\/index.php?rest_route=%2Fwp%2Fv2%2Fproduct_tag&post=521"}],"curies":[{"name":"wp","href":"https:\/\/api.w.org\/{rel}","templated":true}]}}