{"id":500,"date":"2026-04-09T09:10:57","date_gmt":"2026-04-09T06:10:57","guid":{"rendered":"http:\/\/localhost\/machic\/?post_type=product&#038;p=500"},"modified":"2026-04-11T16:28:27","modified_gmt":"2026-04-11T13:28:27","slug":"caleffi-116-serisi-termo-elektrik-aktuator","status":"publish","type":"product","link":"https:\/\/super-yapi.com\/?product=caleffi-116-serisi-termo-elektrik-aktuator","title":{"rendered":"Caleffi 116 Serisi Termo-Elektrik Akt\u00fcat\u00f6r"},"content":{"rendered":"<p data-path-to-node=\"5\"><b data-path-to-node=\"5\" data-index-in-node=\"0\">\u00dcr\u00fcn Kodu:<\/b> 116002<\/p>\n<p data-path-to-node=\"6\"><b data-path-to-node=\"6\" data-index-in-node=\"0\">Marka:<\/b> Caleffi S\u0131hhi Tesisat<\/p>\n<p data-path-to-node=\"7\"><b data-path-to-node=\"7\" data-index-in-node=\"0\">\u00c7al\u0131\u015fma Prensibi:<\/b> Normalde Kapal\u0131 (On\/Off)<\/p>\n<p data-path-to-node=\"8\"><b data-path-to-node=\"8\" data-index-in-node=\"0\">Besleme Se\u00e7enekleri:<\/b> 230 V (ac) veya 24 V (ac\/dc)<\/p>\n<p data-path-to-node=\"9\">S\u0131hhi tesisat ve \u0131s\u0131tma sistemlerinde vana kontrol\u00fcn\u00fc tam otomatik hale getiren, d\u00fc\u015f\u00fck g\u00fc\u00e7 t\u00fcketimli ve y\u00fcksek koruma s\u0131n\u0131fl\u0131 profesyonel \u00e7\u00f6z\u00fcm.<\/p>\n<ul>\n<li><b data-path-to-node=\"12\" data-index-in-node=\"0\">Caleffi 116 Serisi Akt\u00fcat\u00f6r<\/b>, otomasyon sistemleri ile tam uyumlu \u00e7al\u0131\u015farak tesisat y\u00f6netiminde hassas kontrol sa\u011flar. Kompakt tasar\u0131m\u0131 ve dayan\u0131kl\u0131 yap\u0131s\u0131yla uzun \u00f6m\u00fcrl\u00fc bir performans sunar.<\/li>\n<\/ul>\n","protected":false},"excerpt":{"rendered":"<p data-path-to-node=\"5\"><b data-path-to-node=\"5\" data-index-in-node=\"0\">\u00dcr\u00fcn Kodu:<\/b> 116002<\/p>\n<p data-path-to-node=\"6\"><b data-path-to-node=\"6\" data-index-in-node=\"0\">Marka:<\/b> Caleffi S\u0131hhi Tesisat<\/p>\n","protected":false},"featured_media":2819,"template":"","meta":[],"product_brand":[136],"product_cat":[77],"product_tag":[],"class_list":{"0":"post-500","1":"product","2":"type-product","3":"status-publish","4":"has-post-thumbnail","6":"product_brand-caleffi-sihhi-tesisat","7":"product_cat-caleffi","9":"first","10":"instock","11":"featured","12":"shipping-taxable","13":"product-type-simple"},"_links":{"self":[{"href":"https:\/\/super-yapi.com\/index.php?rest_route=\/wp\/v2\/product\/500","targetHints":{"allow":["GET"]}}],"collection":[{"href":"https:\/\/super-yapi.com\/index.php?rest_route=\/wp\/v2\/product"}],"about":[{"href":"https:\/\/super-yapi.com\/index.php?rest_route=\/wp\/v2\/types\/product"}],"wp:featuredmedia":[{"embeddable":true,"href":"https:\/\/super-yapi.com\/index.php?rest_route=\/wp\/v2\/media\/2819"}],"wp:attachment":[{"href":"https:\/\/super-yapi.com\/index.php?rest_route=%2Fwp%2Fv2%2Fmedia&parent=500"}],"wp:term":[{"taxonomy":"product_brand","embeddable":true,"href":"https:\/\/super-yapi.com\/index.php?rest_route=%2Fwp%2Fv2%2Fproduct_brand&post=500"},{"taxonomy":"product_cat","embeddable":true,"href":"https:\/\/super-yapi.com\/index.php?rest_route=%2Fwp%2Fv2%2Fproduct_cat&post=500"},{"taxonomy":"product_tag","embeddable":true,"href":"https:\/\/super-yapi.com\/index.php?rest_route=%2Fwp%2Fv2%2Fproduct_tag&post=500"}],"curies":[{"name":"wp","href":"https:\/\/api.w.org\/{rel}","templated":true}]}}