{"id":408,"date":"2026-04-09T09:08:03","date_gmt":"2026-04-09T06:08:03","guid":{"rendered":"http:\/\/localhost\/machic\/?post_type=product&#038;p=408"},"modified":"2026-04-11T16:26:40","modified_gmt":"2026-04-11T13:26:40","slug":"water-sound-bicakli-kirli-su-drenaj-pompasi","status":"publish","type":"product","link":"https:\/\/super-yapi.com\/?product=water-sound-bicakli-kirli-su-drenaj-pompasi","title":{"rendered":"Water Sound B\u0131\u00e7akl\u0131 Kirli Su Drenaj Pompas\u0131"},"content":{"rendered":"<p data-path-to-node=\"5\"><b data-path-to-node=\"5\" data-index-in-node=\"0\">\u00dcr\u00fcn Kodu:<\/b> B\u0131\u00e7akl\u0131 Pompa<\/p>\n<p data-path-to-node=\"6\"><b data-path-to-node=\"6\" data-index-in-node=\"0\">Marka:<\/b> Water Sound<\/p>\n<p data-path-to-node=\"7\"><b data-path-to-node=\"7\" data-index-in-node=\"0\">\u00d6ne \u00c7\u0131kan \u00d6zellik:<\/b> Par\u00e7alay\u0131c\u0131 b\u0131\u00e7ak mekanizmas\u0131 sayesinde lifli ve kat\u0131 partik\u00fcl i\u00e7eren kirli sular\u0131n tahliyesinde t\u0131kanma yapmadan y\u00fcksek performans sa\u011flar. Plastik pompalar\u0131n yetersiz kald\u0131\u011f\u0131 irtifalar i\u00e7in \u00f6zel olarak tasarlanm\u0131\u015ft\u0131r.<\/p>\n<ul>\n<li><b data-path-to-node=\"10\" data-index-in-node=\"0\">Water Sound B\u0131\u00e7akl\u0131 Drenaj Pompas\u0131<\/b>, zorlu tahliye i\u015fleri i\u00e7in geli\u015ftirilmi\u015f profesyonel bir \u00e7\u00f6z\u00fcmd\u00fcr. Dayan\u0131kl\u0131 g\u00f6vde yap\u0131s\u0131 ve par\u00e7alay\u0131c\u0131 b\u0131\u00e7ak sistemi sayesinde en kirli sular\u0131 bile sorunsuz bir \u015fekilde transfer eder.<\/li>\n<\/ul>\n","protected":false},"excerpt":{"rendered":"<p data-path-to-node=\"5\"><b data-path-to-node=\"5\" data-index-in-node=\"0\">\u00dcr\u00fcn Kodu:<\/b> B\u0131\u00e7akl\u0131 Pompa<\/p>\n<p data-path-to-node=\"6\"><b data-path-to-node=\"6\" data-index-in-node=\"0\">Marka:<\/b> Water Sound<\/p>\n","protected":false},"featured_media":2823,"template":"","meta":[],"product_brand":[],"product_cat":[70],"product_tag":[],"class_list":{"0":"post-408","1":"product","2":"type-product","3":"status-publish","4":"has-post-thumbnail","6":"product_cat-dalgic-pompa","8":"first","9":"instock","10":"shipping-taxable","11":"product-type-simple"},"_links":{"self":[{"href":"https:\/\/super-yapi.com\/index.php?rest_route=\/wp\/v2\/product\/408","targetHints":{"allow":["GET"]}}],"collection":[{"href":"https:\/\/super-yapi.com\/index.php?rest_route=\/wp\/v2\/product"}],"about":[{"href":"https:\/\/super-yapi.com\/index.php?rest_route=\/wp\/v2\/types\/product"}],"wp:featuredmedia":[{"embeddable":true,"href":"https:\/\/super-yapi.com\/index.php?rest_route=\/wp\/v2\/media\/2823"}],"wp:attachment":[{"href":"https:\/\/super-yapi.com\/index.php?rest_route=%2Fwp%2Fv2%2Fmedia&parent=408"}],"wp:term":[{"taxonomy":"product_brand","embeddable":true,"href":"https:\/\/super-yapi.com\/index.php?rest_route=%2Fwp%2Fv2%2Fproduct_brand&post=408"},{"taxonomy":"product_cat","embeddable":true,"href":"https:\/\/super-yapi.com\/index.php?rest_route=%2Fwp%2Fv2%2Fproduct_cat&post=408"},{"taxonomy":"product_tag","embeddable":true,"href":"https:\/\/super-yapi.com\/index.php?rest_route=%2Fwp%2Fv2%2Fproduct_tag&post=408"}],"curies":[{"name":"wp","href":"https:\/\/api.w.org\/{rel}","templated":true}]}}