{"id":400,"date":"2026-04-09T09:07:34","date_gmt":"2026-04-09T06:07:34","guid":{"rendered":"http:\/\/localhost\/machic\/?post_type=product&#038;p=400"},"modified":"2026-04-11T14:39:59","modified_gmt":"2026-04-11T11:39:59","slug":"kodsan-dn100-flansli-paket-denge-tanki-kdt-f","status":"publish","type":"product","link":"https:\/\/super-yapi.com\/?product=kodsan-dn100-flansli-paket-denge-tanki-kdt-f","title":{"rendered":"Kodsan DN100 Flan\u015fl\u0131 Paket Denge Tank\u0131 (KDT-F)"},"content":{"rendered":"<p data-path-to-node=\"7\"><b data-path-to-node=\"7\" data-index-in-node=\"0\">\u00dcr\u00fcn Kodu:<\/b> KDT-F<\/p>\n<p data-path-to-node=\"8\"><b data-path-to-node=\"8\" data-index-in-node=\"0\">Marka:<\/b> KODSAN<\/p>\n<p data-path-to-node=\"9\"><b data-path-to-node=\"9\" data-index-in-node=\"0\">\u00d6ne \u00c7\u0131kan \u00d6zellik:<\/b> Hidrolik dengeleyici, hava ay\u0131r\u0131c\u0131 ve tortu tutucu i\u015flevlerini tek g\u00f6vdede birle\u015ftiren ekonomik ve yer tasarrufu sa\u011flayan profesyonel \u00e7\u00f6z\u00fcm. TS EN 13445-3 standartlar\u0131na uygun, elektrostatik toz boyal\u0131 ve paslanmaz \u00e7elik filtreli yap\u0131.<\/p>\n","protected":false},"excerpt":{"rendered":"<ul>\n<li><b data-path-to-node=\"12\" data-index-in-node=\"0\">Kodsan Paket Denge Tank\u0131<\/b>, \u0131s\u0131tma ve so\u011futma sistemlerindeki hidrolik dengesizlikleri gidermekle kalmaz, ayn\u0131 zamanda sistemdeki havay\u0131 tahliye eder ve tortular\u0131 tutarak ekipmanlar\u0131n\u0131z\u0131 korur. Tek bir cihazla \u00fc\u00e7 farkl\u0131 i\u015flev sunarak i\u015f\u00e7ilik ve maliyet tasarrufu sa\u011flar.<\/li>\n<\/ul>\n","protected":false},"featured_media":2825,"template":"","meta":[],"product_brand":[138],"product_cat":[49],"product_tag":[],"class_list":{"0":"post-400","1":"product","2":"type-product","3":"status-publish","4":"has-post-thumbnail","6":"product_brand-kodsan","7":"product_cat-kodsan-ve-mak-tes","9":"first","10":"instock","11":"shipping-taxable","12":"product-type-simple"},"_links":{"self":[{"href":"https:\/\/super-yapi.com\/index.php?rest_route=\/wp\/v2\/product\/400","targetHints":{"allow":["GET"]}}],"collection":[{"href":"https:\/\/super-yapi.com\/index.php?rest_route=\/wp\/v2\/product"}],"about":[{"href":"https:\/\/super-yapi.com\/index.php?rest_route=\/wp\/v2\/types\/product"}],"wp:featuredmedia":[{"embeddable":true,"href":"https:\/\/super-yapi.com\/index.php?rest_route=\/wp\/v2\/media\/2825"}],"wp:attachment":[{"href":"https:\/\/super-yapi.com\/index.php?rest_route=%2Fwp%2Fv2%2Fmedia&parent=400"}],"wp:term":[{"taxonomy":"product_brand","embeddable":true,"href":"https:\/\/super-yapi.com\/index.php?rest_route=%2Fwp%2Fv2%2Fproduct_brand&post=400"},{"taxonomy":"product_cat","embeddable":true,"href":"https:\/\/super-yapi.com\/index.php?rest_route=%2Fwp%2Fv2%2Fproduct_cat&post=400"},{"taxonomy":"product_tag","embeddable":true,"href":"https:\/\/super-yapi.com\/index.php?rest_route=%2Fwp%2Fv2%2Fproduct_tag&post=400"}],"curies":[{"name":"wp","href":"https:\/\/api.w.org\/{rel}","templated":true}]}}