{"id":373,"date":"2026-04-09T07:25:17","date_gmt":"2026-04-09T04:25:17","guid":{"rendered":"http:\/\/localhost\/machic\/?post_type=product&#038;p=373"},"modified":"2026-04-11T16:32:21","modified_gmt":"2026-04-11T13:32:21","slug":"caleffi-130-serisi-statik-balans-vanasi","status":"publish","type":"product","link":"https:\/\/super-yapi.com\/?product=caleffi-130-serisi-statik-balans-vanasi","title":{"rendered":"Caleffi 130 Serisi Statik Balans Vanas\u0131"},"content":{"rendered":"<p data-path-to-node=\"7\"><b data-path-to-node=\"7\" data-index-in-node=\"0\">\u00dcr\u00fcn Kodu:<\/b> 13006<\/p>\n<p data-path-to-node=\"8\"><b data-path-to-node=\"8\" data-index-in-node=\"0\">Marka:<\/b> Caleffi Is\u0131tma<\/p>\n<p data-path-to-node=\"9\"><b data-path-to-node=\"9\" data-index-in-node=\"0\">Teknik \u00d6zet:<\/b> Hidrolik devrelerde debi ayar\u0131 ve hassas balanslama i\u00e7in tasarlanm\u0131\u015f, gri d\u00f6kme demir g\u00f6vdeli statik balans vanas\u0131d\u0131r. 16 bar i\u015fletme bas\u0131nc\u0131 ve geni\u015f s\u0131cakl\u0131k dayan\u0131m\u0131 ile end\u00fcstriyel sistemlerin vazge\u00e7ilmezidir.<\/p>\n","protected":false},"excerpt":{"rendered":"<ul>\n<li>\n<p data-path-to-node=\"7\"><b data-path-to-node=\"7\" data-index-in-node=\"0\">\u00dcr\u00fcn Kodu:<\/b> 13006<\/p>\n<p data-path-to-node=\"8\"><b data-path-to-node=\"8\" data-index-in-node=\"0\">Marka:<\/b> Caleffi Is\u0131tma<\/p>\n<\/li>\n<\/ul>\n","protected":false},"featured_media":2899,"template":"","meta":[],"product_brand":[135],"product_cat":[77,70,28,56],"product_tag":[57],"class_list":{"0":"post-373","1":"product","2":"type-product","3":"status-publish","4":"has-post-thumbnail","6":"product_brand-caleffi-isitma","7":"product_cat-caleffi","8":"product_cat-dalgic-pompa","9":"product_cat-sirkulasyon-pompalari","10":"product_cat-tesisat-malzemeleri","11":"product_tag-caleffi-isitma","13":"first","14":"instock","15":"featured","16":"shipping-taxable","17":"product-type-simple"},"_links":{"self":[{"href":"https:\/\/super-yapi.com\/index.php?rest_route=\/wp\/v2\/product\/373","targetHints":{"allow":["GET"]}}],"collection":[{"href":"https:\/\/super-yapi.com\/index.php?rest_route=\/wp\/v2\/product"}],"about":[{"href":"https:\/\/super-yapi.com\/index.php?rest_route=\/wp\/v2\/types\/product"}],"wp:featuredmedia":[{"embeddable":true,"href":"https:\/\/super-yapi.com\/index.php?rest_route=\/wp\/v2\/media\/2899"}],"wp:attachment":[{"href":"https:\/\/super-yapi.com\/index.php?rest_route=%2Fwp%2Fv2%2Fmedia&parent=373"}],"wp:term":[{"taxonomy":"product_brand","embeddable":true,"href":"https:\/\/super-yapi.com\/index.php?rest_route=%2Fwp%2Fv2%2Fproduct_brand&post=373"},{"taxonomy":"product_cat","embeddable":true,"href":"https:\/\/super-yapi.com\/index.php?rest_route=%2Fwp%2Fv2%2Fproduct_cat&post=373"},{"taxonomy":"product_tag","embeddable":true,"href":"https:\/\/super-yapi.com\/index.php?rest_route=%2Fwp%2Fv2%2Fproduct_tag&post=373"}],"curies":[{"name":"wp","href":"https:\/\/api.w.org\/{rel}","templated":true}]}}