{"id":332,"date":"2026-04-09T06:27:41","date_gmt":"2026-04-09T03:27:41","guid":{"rendered":"http:\/\/localhost\/machic\/?post_type=product&#038;p=332"},"modified":"2026-04-11T16:20:14","modified_gmt":"2026-04-11T13:20:14","slug":"wilo-yonos-maxo-25-0-5-7-frekans-konvertorlu-pompa","status":"publish","type":"product","link":"https:\/\/super-yapi.com\/?product=wilo-yonos-maxo-25-0-5-7-frekans-konvertorlu-pompa","title":{"rendered":"Wilo Yonos MAXO 25\/0.5-7 Frekans Konvert\u00f6rl\u00fc Pompa"},"content":{"rendered":"<p data-path-to-node=\"7\"><b data-path-to-node=\"7\" data-index-in-node=\"0\">\u00dcr\u00fcn Kodu:<\/b> 01<\/p>\n<p data-path-to-node=\"8\"><b data-path-to-node=\"8\" data-index-in-node=\"0\">Marka:<\/b> WILO<\/p>\n<p data-path-to-node=\"9\"><b data-path-to-node=\"9\" data-index-in-node=\"0\">Teknik \u00d6zellik:<\/b> 1&#8243; (DN25) ba\u011flant\u0131 \u00e7ap\u0131 ve 180 mm montaj boyuna sahip, y\u00fcksek verimli tekli sirk\u00fclasyon pompas\u0131d\u0131r. Entegre frekans konvert\u00f6r\u00fc ile enerji t\u00fcketimini minimuma indirir, tesisat\u0131n ihtiyac\u0131na g\u00f6re performans\u0131n\u0131 otomatik ayarlar.<\/p>\n","protected":false},"excerpt":{"rendered":"<ul>\n<li>\n<p data-path-to-node=\"7\"><b data-path-to-node=\"7\" data-index-in-node=\"0\">\u00dcr\u00fcn Kodu:<\/b> 01<\/p>\n<p data-path-to-node=\"8\"><b data-path-to-node=\"8\" data-index-in-node=\"0\">Marka:<\/b> WILO<\/p>\n<\/li>\n<\/ul>\n","protected":false},"featured_media":2893,"template":"","meta":[],"product_brand":[141],"product_cat":[28],"product_tag":[],"class_list":{"0":"post-332","1":"product","2":"type-product","3":"status-publish","4":"has-post-thumbnail","6":"product_brand-wilo","7":"product_cat-sirkulasyon-pompalari","9":"first","10":"instock","11":"featured","12":"shipping-taxable","13":"product-type-simple"},"_links":{"self":[{"href":"https:\/\/super-yapi.com\/index.php?rest_route=\/wp\/v2\/product\/332","targetHints":{"allow":["GET"]}}],"collection":[{"href":"https:\/\/super-yapi.com\/index.php?rest_route=\/wp\/v2\/product"}],"about":[{"href":"https:\/\/super-yapi.com\/index.php?rest_route=\/wp\/v2\/types\/product"}],"wp:featuredmedia":[{"embeddable":true,"href":"https:\/\/super-yapi.com\/index.php?rest_route=\/wp\/v2\/media\/2893"}],"wp:attachment":[{"href":"https:\/\/super-yapi.com\/index.php?rest_route=%2Fwp%2Fv2%2Fmedia&parent=332"}],"wp:term":[{"taxonomy":"product_brand","embeddable":true,"href":"https:\/\/super-yapi.com\/index.php?rest_route=%2Fwp%2Fv2%2Fproduct_brand&post=332"},{"taxonomy":"product_cat","embeddable":true,"href":"https:\/\/super-yapi.com\/index.php?rest_route=%2Fwp%2Fv2%2Fproduct_cat&post=332"},{"taxonomy":"product_tag","embeddable":true,"href":"https:\/\/super-yapi.com\/index.php?rest_route=%2Fwp%2Fv2%2Fproduct_tag&post=332"}],"curies":[{"name":"wp","href":"https:\/\/api.w.org\/{rel}","templated":true}]}}