{"id":320,"date":"2026-04-09T06:19:27","date_gmt":"2026-04-09T03:19:27","guid":{"rendered":"http:\/\/localhost\/machic\/?post_type=product&#038;p=320"},"modified":"2026-04-11T16:50:56","modified_gmt":"2026-04-11T13:50:56","slug":"pakkens-kuru-tip-manometre","status":"publish","type":"product","link":"https:\/\/super-yapi.com\/?product=pakkens-kuru-tip-manometre","title":{"rendered":"Pakkens Kuru Tip Manometre"},"content":{"rendered":"<p data-path-to-node=\"7\"><b data-path-to-node=\"7\" data-index-in-node=\"0\">\u00dcr\u00fcn Kodu:<\/b> 001<\/p>\n<p data-path-to-node=\"8\"><b data-path-to-node=\"8\" data-index-in-node=\"0\">Marka:<\/b> Pakkens<\/p>\n<p data-path-to-node=\"9\"><b data-path-to-node=\"9\" data-index-in-node=\"0\">\u00dcr\u00fcn Grubu:<\/b> Bas\u0131n\u00e7 ve s\u0131cakl\u0131k \u00f6l\u00e7\u00fcm\u00fcnde T\u00fcrkiye&#8217;nin en g\u00fcvenilir markas\u0131 Pakkens&#8217;in; kuru tip manometre, vakummetre ve hidrometre \u00e7e\u015fitleri S\u00fcper Yap\u0131 stoklar\u0131nda. Farkl\u0131 \u00e7ap, ba\u011flant\u0131 ve \u00f6l\u00e7\u00fc aral\u0131klar\u0131nda geni\u015f se\u00e7eneklerle.<\/p>\n<hr data-path-to-node=\"10\" \/>\n","protected":false},"excerpt":{"rendered":"<ul>\n<li>\n<p data-path-to-node=\"7\"><b data-path-to-node=\"7\" data-index-in-node=\"0\">\u00dcr\u00fcn Kodu:<\/b> 001<\/p>\n<p data-path-to-node=\"8\"><b data-path-to-node=\"8\" data-index-in-node=\"0\">Marka:<\/b> Pakkens<\/p>\n<\/li>\n<\/ul>\n","protected":false},"featured_media":2909,"template":"","meta":[],"product_brand":[148],"product_cat":[52],"product_tag":[47,48,50],"class_list":{"0":"post-320","1":"product","2":"type-product","3":"status-publish","4":"has-post-thumbnail","6":"product_brand-pakkens","7":"product_cat-pakkens-olcu-cihazlari","8":"product_tag-sirkulasyon-pompalari","9":"product_tag-su-aritma-sistemleri","10":"product_tag-su-depolari","11":"product_shipping_class-2-day-delivery","13":"first","14":"instock","15":"featured","16":"shipping-taxable","17":"product-type-simple"},"_links":{"self":[{"href":"https:\/\/super-yapi.com\/index.php?rest_route=\/wp\/v2\/product\/320","targetHints":{"allow":["GET"]}}],"collection":[{"href":"https:\/\/super-yapi.com\/index.php?rest_route=\/wp\/v2\/product"}],"about":[{"href":"https:\/\/super-yapi.com\/index.php?rest_route=\/wp\/v2\/types\/product"}],"wp:featuredmedia":[{"embeddable":true,"href":"https:\/\/super-yapi.com\/index.php?rest_route=\/wp\/v2\/media\/2909"}],"wp:attachment":[{"href":"https:\/\/super-yapi.com\/index.php?rest_route=%2Fwp%2Fv2%2Fmedia&parent=320"}],"wp:term":[{"taxonomy":"product_brand","embeddable":true,"href":"https:\/\/super-yapi.com\/index.php?rest_route=%2Fwp%2Fv2%2Fproduct_brand&post=320"},{"taxonomy":"product_cat","embeddable":true,"href":"https:\/\/super-yapi.com\/index.php?rest_route=%2Fwp%2Fv2%2Fproduct_cat&post=320"},{"taxonomy":"product_tag","embeddable":true,"href":"https:\/\/super-yapi.com\/index.php?rest_route=%2Fwp%2Fv2%2Fproduct_tag&post=320"}],"curies":[{"name":"wp","href":"https:\/\/api.w.org\/{rel}","templated":true}]}}