{"id":276,"date":"2026-04-09T08:53:21","date_gmt":"2026-04-09T05:53:21","guid":{"rendered":"http:\/\/localhost\/machic\/?post_type=product&#038;p=276"},"modified":"2026-04-11T16:46:46","modified_gmt":"2026-04-11T13:46:46","slug":"rain-bird-sulama-sistemleri","status":"publish","type":"product","link":"https:\/\/super-yapi.com\/?product=rain-bird-sulama-sistemleri","title":{"rendered":"Rain Bird Sulama Sistemleri"},"content":{"rendered":"<p data-path-to-node=\"7\"><b data-path-to-node=\"7\" data-index-in-node=\"0\">Marka:<\/b> Rain Bird<\/p>\n<p data-path-to-node=\"8\"><b data-path-to-node=\"8\" data-index-in-node=\"0\">Uygulama:<\/b> Otomatik sulama sistemlerinde d\u00fcnya lideri Rain Bird \u00fcr\u00fcnleri (f\u0131skiyeler, vanalar, kontrol \u00fcniteleri) hakk\u0131nda detayl\u0131 teknik bilgi ve projenize \u00f6zel g\u00fcncel fiyat teklifleri i\u00e7in bizimle ileti\u015fime ge\u00e7ebilirsiniz.<\/p>\n","protected":false},"excerpt":{"rendered":"<ul>\n<li><b data-path-to-node=\"7\" data-index-in-node=\"0\">Marka:<\/b> Rain Bird<\/li>\n<\/ul>\n","protected":false},"featured_media":2906,"template":"","meta":[],"product_brand":[146],"product_cat":[69,129],"product_tag":[147],"class_list":{"0":"post-276","1":"product","2":"type-product","3":"status-publish","4":"has-post-thumbnail","6":"product_brand-rain-bird","7":"product_cat-damla-sulama-malzemeleri","8":"product_cat-sulama-malzemeleri","9":"product_tag-rain-bird","11":"first","12":"instock","13":"shipping-taxable","14":"product-type-simple"},"_links":{"self":[{"href":"https:\/\/super-yapi.com\/index.php?rest_route=\/wp\/v2\/product\/276","targetHints":{"allow":["GET"]}}],"collection":[{"href":"https:\/\/super-yapi.com\/index.php?rest_route=\/wp\/v2\/product"}],"about":[{"href":"https:\/\/super-yapi.com\/index.php?rest_route=\/wp\/v2\/types\/product"}],"wp:featuredmedia":[{"embeddable":true,"href":"https:\/\/super-yapi.com\/index.php?rest_route=\/wp\/v2\/media\/2906"}],"wp:attachment":[{"href":"https:\/\/super-yapi.com\/index.php?rest_route=%2Fwp%2Fv2%2Fmedia&parent=276"}],"wp:term":[{"taxonomy":"product_brand","embeddable":true,"href":"https:\/\/super-yapi.com\/index.php?rest_route=%2Fwp%2Fv2%2Fproduct_brand&post=276"},{"taxonomy":"product_cat","embeddable":true,"href":"https:\/\/super-yapi.com\/index.php?rest_route=%2Fwp%2Fv2%2Fproduct_cat&post=276"},{"taxonomy":"product_tag","embeddable":true,"href":"https:\/\/super-yapi.com\/index.php?rest_route=%2Fwp%2Fv2%2Fproduct_tag&post=276"}],"curies":[{"name":"wp","href":"https:\/\/api.w.org\/{rel}","templated":true}]}}