{"id":253,"date":"2026-04-08T12:29:24","date_gmt":"2026-04-08T09:29:24","guid":{"rendered":"http:\/\/localhost\/machic\/?post_type=product&#038;p=253"},"modified":"2026-04-11T16:24:19","modified_gmt":"2026-04-11T13:24:19","slug":"murcell-v1100-f-drenaj-pompasi","status":"publish","type":"product","link":"https:\/\/super-yapi.com\/?product=murcell-v1100-f-drenaj-pompasi","title":{"rendered":"Murcell V1100 F Drenaj Pompas\u0131"},"content":{"rendered":"<p data-path-to-node=\"7\"><b data-path-to-node=\"7\" data-index-in-node=\"0\">\u00dcr\u00fcn Kodu:<\/b> V1100 F<\/p>\n<p data-path-to-node=\"8\"><b data-path-to-node=\"8\" data-index-in-node=\"0\">Marka:<\/b> Murcell<\/p>\n<p data-path-to-node=\"9\"><b data-path-to-node=\"9\" data-index-in-node=\"0\">Kullan\u0131m Amac\u0131:<\/b> Kanalizasyon, la\u011f\u0131m sular\u0131 ve yo\u011fun \u00e7amurlu s\u0131v\u0131lar\u0131n tahliyesi i\u00e7in tasarlanm\u0131\u015f, paslanmaz g\u00f6vdeli a\u011f\u0131r hizmet tipi drenaj pompas\u0131d\u0131r. Sel bask\u0131nlar\u0131 ve foseptik \u00e7ukurlar\u0131 i\u00e7in profesyonel \u00e7\u00f6z\u00fcmd\u00fcr.<\/p>\n","protected":false},"excerpt":{"rendered":"<ul>\n<li>\n<p data-path-to-node=\"7\"><b data-path-to-node=\"7\" data-index-in-node=\"0\">\u00dcr\u00fcn Kodu:<\/b> V1100 F<\/p>\n<p data-path-to-node=\"8\"><b data-path-to-node=\"8\" data-index-in-node=\"0\">Marka:<\/b> Murcell<\/p>\n<\/li>\n<\/ul>\n","protected":false},"featured_media":2895,"template":"","meta":[],"product_brand":[143],"product_cat":[70],"product_tag":[144,84],"class_list":{"0":"post-253","1":"product","2":"type-product","3":"status-publish","4":"has-post-thumbnail","6":"product_brand-murcell","7":"product_cat-dalgic-pompa","8":"product_tag-murcell","9":"product_tag-super-yapi","11":"first","12":"instock","13":"shipping-taxable","14":"product-type-simple"},"_links":{"self":[{"href":"https:\/\/super-yapi.com\/index.php?rest_route=\/wp\/v2\/product\/253","targetHints":{"allow":["GET"]}}],"collection":[{"href":"https:\/\/super-yapi.com\/index.php?rest_route=\/wp\/v2\/product"}],"about":[{"href":"https:\/\/super-yapi.com\/index.php?rest_route=\/wp\/v2\/types\/product"}],"wp:featuredmedia":[{"embeddable":true,"href":"https:\/\/super-yapi.com\/index.php?rest_route=\/wp\/v2\/media\/2895"}],"wp:attachment":[{"href":"https:\/\/super-yapi.com\/index.php?rest_route=%2Fwp%2Fv2%2Fmedia&parent=253"}],"wp:term":[{"taxonomy":"product_brand","embeddable":true,"href":"https:\/\/super-yapi.com\/index.php?rest_route=%2Fwp%2Fv2%2Fproduct_brand&post=253"},{"taxonomy":"product_cat","embeddable":true,"href":"https:\/\/super-yapi.com\/index.php?rest_route=%2Fwp%2Fv2%2Fproduct_cat&post=253"},{"taxonomy":"product_tag","embeddable":true,"href":"https:\/\/super-yapi.com\/index.php?rest_route=%2Fwp%2Fv2%2Fproduct_tag&post=253"}],"curies":[{"name":"wp","href":"https:\/\/api.w.org\/{rel}","templated":true}]}}