{"id":193,"date":"2026-04-04T08:58:41","date_gmt":"2026-04-04T05:58:41","guid":{"rendered":"http:\/\/localhost\/machic\/?post_type=product&#038;p=193"},"modified":"2026-04-11T16:36:36","modified_gmt":"2026-04-11T13:36:36","slug":"caleffi-142-serisi-kesme-ve-on-ayar-vanasi","status":"publish","type":"product","link":"https:\/\/super-yapi.com\/?product=caleffi-142-serisi-kesme-ve-on-ayar-vanasi","title":{"rendered":"Caleffi 142 Serisi Kesme ve \u00d6n Ayar Vanas\u0131"},"content":{"rendered":"<p data-path-to-node=\"7\"><b data-path-to-node=\"7\" data-index-in-node=\"0\">\u00dcr\u00fcn Kodu:<\/b> 142140<\/p>\n<p data-path-to-node=\"8\"><b data-path-to-node=\"8\" data-index-in-node=\"0\">Marka:<\/b> Caleffi Is\u0131tma<\/p>\n<p data-path-to-node=\"9\"><b data-path-to-node=\"9\" data-index-in-node=\"0\">Teknik \u00d6zet:<\/b> \u00c7inkosuzla\u015fma dayan\u0131ml\u0131 (CR) \u00f6zel ala\u015f\u0131m g\u00f6vdeye sahip, yal\u0131t\u0131ml\u0131 kesme ve \u00f6n ayar vanas\u0131d\u0131r. Kapiler boru ba\u011flant\u0131s\u0131 i\u00e7in bas\u0131n\u00e7 al\u0131m noktalar\u0131na sahip olan bu vana, hassas hidrolik dengeleme sistemleri i\u00e7in tasarlanm\u0131\u015ft\u0131r.<\/p>\n","protected":false},"excerpt":{"rendered":"<p data-path-to-node=\"7\"><b data-path-to-node=\"7\" data-index-in-node=\"0\">\u00dcr\u00fcn Kodu:<\/b> 142140<\/p>\n<p data-path-to-node=\"8\"><b data-path-to-node=\"8\" data-index-in-node=\"0\">Marka:<\/b> Caleffi Is\u0131tma<\/p>\n","protected":false},"featured_media":2901,"template":"","meta":[],"product_brand":[135],"product_cat":[77,93,128],"product_tag":[],"class_list":{"0":"post-193","1":"product","2":"type-product","3":"status-publish","4":"has-post-thumbnail","6":"product_brand-caleffi-isitma","7":"product_cat-caleffi","8":"product_cat-pompa-ve-hidrofor","9":"product_cat-vana-cesitleri","11":"first","12":"instock","13":"shipping-taxable","14":"product-type-simple"},"_links":{"self":[{"href":"https:\/\/super-yapi.com\/index.php?rest_route=\/wp\/v2\/product\/193","targetHints":{"allow":["GET"]}}],"collection":[{"href":"https:\/\/super-yapi.com\/index.php?rest_route=\/wp\/v2\/product"}],"about":[{"href":"https:\/\/super-yapi.com\/index.php?rest_route=\/wp\/v2\/types\/product"}],"wp:featuredmedia":[{"embeddable":true,"href":"https:\/\/super-yapi.com\/index.php?rest_route=\/wp\/v2\/media\/2901"}],"wp:attachment":[{"href":"https:\/\/super-yapi.com\/index.php?rest_route=%2Fwp%2Fv2%2Fmedia&parent=193"}],"wp:term":[{"taxonomy":"product_brand","embeddable":true,"href":"https:\/\/super-yapi.com\/index.php?rest_route=%2Fwp%2Fv2%2Fproduct_brand&post=193"},{"taxonomy":"product_cat","embeddable":true,"href":"https:\/\/super-yapi.com\/index.php?rest_route=%2Fwp%2Fv2%2Fproduct_cat&post=193"},{"taxonomy":"product_tag","embeddable":true,"href":"https:\/\/super-yapi.com\/index.php?rest_route=%2Fwp%2Fv2%2Fproduct_tag&post=193"}],"curies":[{"name":"wp","href":"https:\/\/api.w.org\/{rel}","templated":true}]}}