{"id":3,"date":"2026-04-09T06:39:37","date_gmt":"2026-04-09T03:39:37","guid":{"rendered":"http:\/\/localhost\/machic\/?page_id=3"},"modified":"2026-04-11T14:15:38","modified_gmt":"2026-04-11T11:15:38","slug":"gizlilik-politikasi","status":"publish","type":"page","link":"https:\/\/super-yapi.com\/?page_id=3","title":{"rendered":"Gizlilik Politikas\u0131"},"content":{"rendered":"\t\t<div data-elementor-type=\"wp-page\" data-elementor-id=\"3\" class=\"elementor elementor-3\">\n\t\t\t\t\t\t<section class=\"elementor-section elementor-top-section elementor-element elementor-element-5be4c7c elementor-section-boxed elementor-section-height-default elementor-section-height-default\" data-id=\"5be4c7c\" data-element_type=\"section\" data-e-type=\"section\">\n\t\t\t\t\t\t<div class=\"elementor-container elementor-column-gap-default\">\n\t\t\t\t\t<div class=\"elementor-column elementor-col-100 elementor-top-column elementor-element elementor-element-ef7dd8a\" data-id=\"ef7dd8a\" data-element_type=\"column\" data-e-type=\"column\">\n\t\t\t<div class=\"elementor-widget-wrap elementor-element-populated\">\n\t\t\t\t\t\t<div class=\"elementor-element elementor-element-b52ce40 elementor-widget elementor-widget-heading\" data-id=\"b52ce40\" data-element_type=\"widget\" data-e-type=\"widget\" data-widget_type=\"heading.default\">\n\t\t\t\t\t<h3 class=\"elementor-heading-title elementor-size-default\">Gizlilik Politikas\u0131<\/h3>\t\t\t\t<\/div>\n\t\t\t\t\t<\/div>\n\t\t<\/div>\n\t\t\t\t\t<\/div>\n\t\t<\/section>\n\t\t\t\t<section class=\"elementor-section elementor-top-section elementor-element elementor-element-25cdaad elementor-section-boxed elementor-section-height-default elementor-section-height-default\" data-id=\"25cdaad\" data-element_type=\"section\" data-e-type=\"section\">\n\t\t\t\t\t\t<div class=\"elementor-container elementor-column-gap-default\">\n\t\t\t\t\t<div class=\"elementor-column elementor-col-100 elementor-top-column elementor-element elementor-element-8df2f4a\" data-id=\"8df2f4a\" data-element_type=\"column\" data-e-type=\"column\">\n\t\t\t<div class=\"elementor-widget-wrap elementor-element-populated\">\n\t\t\t\t\t\t<div class=\"elementor-element elementor-element-18729f6 elementor-widget elementor-widget-heading\" data-id=\"18729f6\" data-element_type=\"widget\" data-e-type=\"widget\" data-widget_type=\"heading.default\">\n\t\t\t\t\t<p class=\"elementor-heading-title elementor-size-default\">S\u00fcper Yap\u0131 \u00dcr\u00fcnleri Ltd. \u015eti. olarak, web sitemizi ziyaret eden m\u00fc\u015fterilerimizin gizlili\u011fine ve ki\u015fisel verilerinin korunmas\u0131na b\u00fcy\u00fck \u00f6nem veriyoruz. Bu metin, verilerinizin nas\u0131l topland\u0131\u011f\u0131n\u0131 ve kullan\u0131ld\u0131\u011f\u0131n\u0131 a\u00e7\u0131klamak amac\u0131yla haz\u0131rlanm\u0131\u015ft\u0131r.<\/p>\t\t\t\t<\/div>\n\t\t\t\t\t<\/div>\n\t\t<\/div>\n\t\t\t\t\t<\/div>\n\t\t<\/section>\n\t\t\t\t<section class=\"elementor-section elementor-top-section elementor-element elementor-element-3768eed elementor-section-boxed elementor-section-height-default elementor-section-height-default\" data-id=\"3768eed\" data-element_type=\"section\" data-e-type=\"section\">\n\t\t\t\t\t\t<div class=\"elementor-container elementor-column-gap-default\">\n\t\t\t\t\t<div class=\"elementor-column elementor-col-100 elementor-top-column elementor-element elementor-element-adfebbb\" data-id=\"adfebbb\" data-element_type=\"column\" data-e-type=\"column\">\n\t\t\t<div class=\"elementor-widget-wrap elementor-element-populated\">\n\t\t\t\t\t\t<div class=\"elementor-element elementor-element-eddf3ee elementor-widget elementor-widget-heading\" data-id=\"eddf3ee\" data-element_type=\"widget\" data-e-type=\"widget\" data-widget_type=\"heading.default\">\n\t\t\t\t\t<h3 class=\"elementor-heading-title elementor-size-default\">1. Toplanan Veriler<\/h3>\t\t\t\t<\/div>\n\t\t\t\t\t<\/div>\n\t\t<\/div>\n\t\t\t\t\t<\/div>\n\t\t<\/section>\n\t\t\t\t<section class=\"elementor-section elementor-top-section elementor-element elementor-element-58e028d elementor-section-boxed elementor-section-height-default elementor-section-height-default\" data-id=\"58e028d\" data-element_type=\"section\" data-e-type=\"section\">\n\t\t\t\t\t\t<div class=\"elementor-container elementor-column-gap-default\">\n\t\t\t\t\t<div class=\"elementor-column elementor-col-100 elementor-top-column elementor-element elementor-element-9bfa303\" data-id=\"9bfa303\" data-element_type=\"column\" data-e-type=\"column\">\n\t\t\t<div class=\"elementor-widget-wrap elementor-element-populated\">\n\t\t\t\t\t\t<div class=\"elementor-element elementor-element-a2a03ac elementor-widget elementor-widget-heading\" data-id=\"a2a03ac\" data-element_type=\"widget\" data-e-type=\"widget\" data-widget_type=\"heading.default\">\n\t\t\t\t\t<p class=\"elementor-heading-title elementor-size-default\">Sitemizi ziyaret etti\u011finizde veya al\u0131\u015fveri\u015f yapt\u0131\u011f\u0131n\u0131zda a\u015fa\u011f\u0131daki bilgileriniz i\u015flenebilir:\n\n    \u0130leti\u015fim Bilgileri: Ad\u0131n\u0131z, soyad\u0131n\u0131z, e-posta adresiniz, telefon numaran\u0131z ve adresiniz.\n\n    \u0130\u015flem Bilgileri: Sipari\u015f detaylar\u0131n\u0131z, fatura bilgileriniz.\n\n    Teknik Bilgiler: IP adresiniz, taray\u0131c\u0131 t\u00fcr\u00fcn\u00fcz ve \u00e7erezler (cookies) arac\u0131l\u0131\u011f\u0131yla toplanan kullan\u0131m verileri.<\/p>\t\t\t\t<\/div>\n\t\t\t\t\t<\/div>\n\t\t<\/div>\n\t\t\t\t\t<\/div>\n\t\t<\/section>\n\t\t\t\t<section class=\"elementor-section elementor-top-section elementor-element elementor-element-574f82b elementor-section-boxed elementor-section-height-default elementor-section-height-default\" data-id=\"574f82b\" data-element_type=\"section\" data-e-type=\"section\">\n\t\t\t\t\t\t<div class=\"elementor-container elementor-column-gap-default\">\n\t\t\t\t\t<div class=\"elementor-column elementor-col-100 elementor-top-column elementor-element elementor-element-142fdfd\" data-id=\"142fdfd\" data-element_type=\"column\" data-e-type=\"column\">\n\t\t\t<div class=\"elementor-widget-wrap elementor-element-populated\">\n\t\t\t\t\t\t<div class=\"elementor-element elementor-element-3f8eeef elementor-widget elementor-widget-heading\" data-id=\"3f8eeef\" data-element_type=\"widget\" data-e-type=\"widget\" data-widget_type=\"heading.default\">\n\t\t\t\t\t<h3 class=\"elementor-heading-title elementor-size-default\">2. Verilerin Kullan\u0131m Amac\u0131<\/h3>\t\t\t\t<\/div>\n\t\t\t\t\t<\/div>\n\t\t<\/div>\n\t\t\t\t\t<\/div>\n\t\t<\/section>\n\t\t\t\t<section class=\"elementor-section elementor-top-section elementor-element elementor-element-5b92747 elementor-section-boxed elementor-section-height-default elementor-section-height-default\" data-id=\"5b92747\" data-element_type=\"section\" data-e-type=\"section\">\n\t\t\t\t\t\t<div class=\"elementor-container elementor-column-gap-default\">\n\t\t\t\t\t<div class=\"elementor-column elementor-col-100 elementor-top-column elementor-element elementor-element-4ac9149\" data-id=\"4ac9149\" data-element_type=\"column\" data-e-type=\"column\">\n\t\t\t<div class=\"elementor-widget-wrap elementor-element-populated\">\n\t\t\t\t\t\t<div class=\"elementor-element elementor-element-f6c057c elementor-widget elementor-widget-heading\" data-id=\"f6c057c\" data-element_type=\"widget\" data-e-type=\"widget\" data-widget_type=\"heading.default\">\n\t\t\t\t\t<p class=\"elementor-heading-title elementor-size-default\">Toplad\u0131\u011f\u0131m\u0131z bilgiler \u015fu ama\u00e7larla kullan\u0131l\u0131r:\n\n    Sipari\u015flerinizin i\u015fleme al\u0131nmas\u0131 ve \u00fcr\u00fcn teslimat\u0131n\u0131n sa\u011flanmas\u0131.\n\n    Sat\u0131\u015f sonras\u0131 destek ve servis hizmetlerinin y\u00fcr\u00fct\u00fclmesi.\n\n    \u0130stek ve \u015fikayetlerinizle ilgili sizinle ileti\u015fime ge\u00e7ilmesi.\n\n    Yasal y\u00fck\u00fcml\u00fcl\u00fcklerin (fatura vb.) yerine getirilmesi.<\/p>\t\t\t\t<\/div>\n\t\t\t\t\t<\/div>\n\t\t<\/div>\n\t\t\t\t\t<\/div>\n\t\t<\/section>\n\t\t\t\t<section class=\"elementor-section elementor-top-section elementor-element elementor-element-8bfe4b7 elementor-section-boxed elementor-section-height-default elementor-section-height-default\" data-id=\"8bfe4b7\" data-element_type=\"section\" data-e-type=\"section\">\n\t\t\t\t\t\t<div class=\"elementor-container elementor-column-gap-default\">\n\t\t\t\t\t<div class=\"elementor-column elementor-col-100 elementor-top-column elementor-element elementor-element-6d7d9a4\" data-id=\"6d7d9a4\" data-element_type=\"column\" data-e-type=\"column\">\n\t\t\t<div class=\"elementor-widget-wrap elementor-element-populated\">\n\t\t\t\t\t\t<div class=\"elementor-element elementor-element-4cc0b95 elementor-widget elementor-widget-heading\" data-id=\"4cc0b95\" data-element_type=\"widget\" data-e-type=\"widget\" data-widget_type=\"heading.default\">\n\t\t\t\t\t<h3 class=\"elementor-heading-title elementor-size-default\">3. Veri G\u00fcvenli\u011fi<\/h3>\t\t\t\t<\/div>\n\t\t\t\t\t<\/div>\n\t\t<\/div>\n\t\t\t\t\t<\/div>\n\t\t<\/section>\n\t\t\t\t<section class=\"elementor-section elementor-top-section elementor-element elementor-element-59d2c2b elementor-section-boxed elementor-section-height-default elementor-section-height-default\" data-id=\"59d2c2b\" data-element_type=\"section\" data-e-type=\"section\">\n\t\t\t\t\t\t<div class=\"elementor-container elementor-column-gap-default\">\n\t\t\t\t\t<div class=\"elementor-column elementor-col-100 elementor-top-column elementor-element elementor-element-2b51147\" data-id=\"2b51147\" data-element_type=\"column\" data-e-type=\"column\">\n\t\t\t<div class=\"elementor-widget-wrap elementor-element-populated\">\n\t\t\t\t\t\t<div class=\"elementor-element elementor-element-a7a74ba elementor-widget elementor-widget-heading\" data-id=\"a7a74ba\" data-element_type=\"widget\" data-e-type=\"widget\" data-widget_type=\"heading.default\">\n\t\t\t\t\t<p class=\"elementor-heading-title elementor-size-default\">Verileriniz, yetkisiz eri\u015fimlere kar\u015f\u0131 korunakl\u0131 sunucularda saklanmaktad\u0131r. S\u00fcper Yap\u0131, ki\u015fisel verilerinizi \u00fc\u00e7\u00fcnc\u00fc \u015fah\u0131slara satmaz veya ticari ama\u00e7la kiralamaz. Verileriniz sadece yasal zorunluluk hallerinde veya lojistik (kargo) s\u00fcre\u00e7lerinin tamamlanmas\u0131 i\u00e7in ilgili i\u015f ortaklar\u0131yla payla\u015f\u0131l\u0131r.<\/p>\t\t\t\t<\/div>\n\t\t\t\t\t<\/div>\n\t\t<\/div>\n\t\t\t\t\t<\/div>\n\t\t<\/section>\n\t\t\t\t<section class=\"elementor-section elementor-top-section elementor-element elementor-element-d1a030a elementor-section-boxed elementor-section-height-default elementor-section-height-default\" data-id=\"d1a030a\" data-element_type=\"section\" data-e-type=\"section\">\n\t\t\t\t\t\t<div class=\"elementor-container elementor-column-gap-default\">\n\t\t\t\t\t<div class=\"elementor-column elementor-col-100 elementor-top-column elementor-element elementor-element-584bc55\" data-id=\"584bc55\" data-element_type=\"column\" data-e-type=\"column\">\n\t\t\t<div class=\"elementor-widget-wrap elementor-element-populated\">\n\t\t\t\t\t\t<div class=\"elementor-element elementor-element-30edfb7 elementor-widget elementor-widget-heading\" data-id=\"30edfb7\" data-element_type=\"widget\" data-e-type=\"widget\" data-widget_type=\"heading.default\">\n\t\t\t\t\t<h3 class=\"elementor-heading-title elementor-size-default\">4. \u00c7erezler (Cookies)<\/h3>\t\t\t\t<\/div>\n\t\t\t\t\t<\/div>\n\t\t<\/div>\n\t\t\t\t\t<\/div>\n\t\t<\/section>\n\t\t\t\t<section class=\"elementor-section elementor-top-section elementor-element elementor-element-54b6069 elementor-section-boxed elementor-section-height-default elementor-section-height-default\" data-id=\"54b6069\" data-element_type=\"section\" data-e-type=\"section\">\n\t\t\t\t\t\t<div class=\"elementor-container elementor-column-gap-default\">\n\t\t\t\t\t<div class=\"elementor-column elementor-col-100 elementor-top-column elementor-element elementor-element-de69f54\" data-id=\"de69f54\" data-element_type=\"column\" data-e-type=\"column\">\n\t\t\t<div class=\"elementor-widget-wrap elementor-element-populated\">\n\t\t\t\t\t\t<div class=\"elementor-element elementor-element-35ca557 elementor-widget elementor-widget-heading\" data-id=\"35ca557\" data-element_type=\"widget\" data-e-type=\"widget\" data-widget_type=\"heading.default\">\n\t\t\t\t\t<p class=\"elementor-heading-title elementor-size-default\">Sitemiz, kullan\u0131c\u0131 deneyimini iyile\u015ftirmek ve site trafi\u011fini analiz etmek i\u00e7in \u00e7erezler kullan\u0131r. Taray\u0131c\u0131 ayarlar\u0131n\u0131zdan \u00e7erezleri reddedebilirsiniz, ancak bu durum sitenin baz\u0131 \u00f6zelliklerinin \u00e7al\u0131\u015fmas\u0131n\u0131 etkileyebilir.<\/p>\t\t\t\t<\/div>\n\t\t\t\t\t<\/div>\n\t\t<\/div>\n\t\t\t\t\t<\/div>\n\t\t<\/section>\n\t\t\t\t<section class=\"elementor-section elementor-top-section elementor-element elementor-element-941942f elementor-section-boxed elementor-section-height-default elementor-section-height-default\" data-id=\"941942f\" data-element_type=\"section\" data-e-type=\"section\">\n\t\t\t\t\t\t<div class=\"elementor-container elementor-column-gap-default\">\n\t\t\t\t\t<div class=\"elementor-column elementor-col-100 elementor-top-column elementor-element elementor-element-81adaa0\" data-id=\"81adaa0\" data-element_type=\"column\" data-e-type=\"column\">\n\t\t\t<div class=\"elementor-widget-wrap elementor-element-populated\">\n\t\t\t\t\t\t<div class=\"elementor-element elementor-element-fdd26bd elementor-widget elementor-widget-heading\" data-id=\"fdd26bd\" data-element_type=\"widget\" data-e-type=\"widget\" data-widget_type=\"heading.default\">\n\t\t\t\t\t<h3 class=\"elementor-heading-title elementor-size-default\">5. Kullan\u0131c\u0131 Haklar\u0131<\/h3>\t\t\t\t<\/div>\n\t\t\t\t\t<\/div>\n\t\t<\/div>\n\t\t\t\t\t<\/div>\n\t\t<\/section>\n\t\t\t\t<section class=\"elementor-section elementor-top-section elementor-element elementor-element-a49bf9f elementor-section-boxed elementor-section-height-default elementor-section-height-default\" data-id=\"a49bf9f\" data-element_type=\"section\" data-e-type=\"section\">\n\t\t\t\t\t\t<div class=\"elementor-container elementor-column-gap-default\">\n\t\t\t\t\t<div class=\"elementor-column elementor-col-100 elementor-top-column elementor-element elementor-element-9fbf833\" data-id=\"9fbf833\" data-element_type=\"column\" data-e-type=\"column\">\n\t\t\t<div class=\"elementor-widget-wrap elementor-element-populated\">\n\t\t\t\t\t\t<div class=\"elementor-element elementor-element-b663cf1 elementor-widget elementor-widget-heading\" data-id=\"b663cf1\" data-element_type=\"widget\" data-e-type=\"widget\" data-widget_type=\"heading.default\">\n\t\t\t\t\t<p class=\"elementor-heading-title elementor-size-default\">KVKK (Ki\u015fisel Verilerin Korunmas\u0131 Kanunu) kapsam\u0131nda verilerinizin silinmesini, d\u00fczeltilmesini veya i\u015flenip i\u015flenmedi\u011fini \u00f6\u011frenme hakk\u0131na sahipsiniz. Bu talepleriniz i\u00e7in superyapi@hotmail.com adresinden bizimle ileti\u015fime ge\u00e7ebilirsiniz.\n<\/p>\t\t\t\t<\/div>\n\t\t\t\t\t<\/div>\n\t\t<\/div>\n\t\t\t\t\t<\/div>\n\t\t<\/section>\n\t\t\t\t<section class=\"elementor-section elementor-top-section elementor-element elementor-element-ac3eefc elementor-section-boxed elementor-section-height-default elementor-section-height-default\" data-id=\"ac3eefc\" data-element_type=\"section\" data-e-type=\"section\">\n\t\t\t\t\t\t<div class=\"elementor-container elementor-column-gap-default\">\n\t\t\t\t\t<div class=\"elementor-column elementor-col-100 elementor-top-column elementor-element elementor-element-5b3b541\" data-id=\"5b3b541\" data-element_type=\"column\" data-e-type=\"column\">\n\t\t\t<div class=\"elementor-widget-wrap elementor-element-populated\">\n\t\t\t\t\t\t<div class=\"elementor-element elementor-element-5dcd2f5 elementor-widget elementor-widget-heading\" data-id=\"5dcd2f5\" data-element_type=\"widget\" data-e-type=\"widget\" data-widget_type=\"heading.default\">\n\t\t\t\t\t<h3 class=\"elementor-heading-title elementor-size-default\">6. \u0130leti\u015fim<\/h3>\t\t\t\t<\/div>\n\t\t\t\t\t<\/div>\n\t\t<\/div>\n\t\t\t\t\t<\/div>\n\t\t<\/section>\n\t\t\t\t<section class=\"elementor-section elementor-top-section elementor-element elementor-element-59d1c76 elementor-section-boxed elementor-section-height-default elementor-section-height-default\" data-id=\"59d1c76\" data-element_type=\"section\" data-e-type=\"section\">\n\t\t\t\t\t\t<div class=\"elementor-container elementor-column-gap-default\">\n\t\t\t\t\t<div class=\"elementor-column elementor-col-100 elementor-top-column elementor-element elementor-element-a362049\" data-id=\"a362049\" data-element_type=\"column\" data-e-type=\"column\">\n\t\t\t<div class=\"elementor-widget-wrap elementor-element-populated\">\n\t\t\t\t\t\t<div class=\"elementor-element elementor-element-854434f elementor-widget elementor-widget-heading\" data-id=\"854434f\" data-element_type=\"widget\" data-e-type=\"widget\" data-widget_type=\"heading.default\">\n\t\t\t\t\t<p class=\"elementor-heading-title elementor-size-default\">\u00dcnvan: S\u00fcper Yap\u0131 \u00dcr\u00fcnleri Ltd. \u015eti.\nAdres: R\u00fczgarl\u0131 Hamit Kaplan Sok. No: 17\/A Ulus \/ ANKARA\nTelefon: (0312) 311 74 26<\/p>\t\t\t\t<\/div>\n\t\t\t\t\t<\/div>\n\t\t<\/div>\n\t\t\t\t\t<\/div>\n\t\t<\/section>\n\t\t\t\t<\/div>\n\t\t","protected":false},"excerpt":{"rendered":"<p>Gizlilik Politikas\u0131 S\u00fcper Yap\u0131 \u00dcr\u00fcnleri Ltd. \u015eti. olarak, web sitemizi ziyaret eden m\u00fc\u015fterilerimizin gizlili\u011fine ve ki\u015fisel verilerinin korunmas\u0131na b\u00fcy\u00fck \u00f6nem veriyoruz. Bu metin, verilerinizin nas\u0131l topland\u0131\u011f\u0131n\u0131 ve kullan\u0131ld\u0131\u011f\u0131n\u0131 a\u00e7\u0131klamak amac\u0131yla haz\u0131rlanm\u0131\u015ft\u0131r. 1. Toplanan Veriler Sitemizi ziyaret etti\u011finizde veya al\u0131\u015fveri\u015f yapt\u0131\u011f\u0131n\u0131zda a\u015fa\u011f\u0131daki bilgileriniz i\u015flenebilir: \u0130leti\u015fim Bilgileri: Ad\u0131n\u0131z, soyad\u0131n\u0131z, e-posta adresiniz, telefon numaran\u0131z ve adresiniz. \u0130\u015flem Bilgileri:<\/p>\n<div class=\"klb-readmore entry-button\"><a class=\"btn read-more\" href=\"https:\/\/super-yapi.com\/?page_id=3\">Detaylar<\/a><\/div>\n","protected":false},"author":1,"featured_media":0,"parent":0,"menu_order":0,"comment_status":"closed","ping_status":"closed","template":"","meta":{"footnotes":""},"class_list":["post-3","page","type-page","status-publish","hentry"],"_links":{"self":[{"href":"https:\/\/super-yapi.com\/index.php?rest_route=\/wp\/v2\/pages\/3","targetHints":{"allow":["GET"]}}],"collection":[{"href":"https:\/\/super-yapi.com\/index.php?rest_route=\/wp\/v2\/pages"}],"about":[{"href":"https:\/\/super-yapi.com\/index.php?rest_route=\/wp\/v2\/types\/page"}],"author":[{"embeddable":true,"href":"https:\/\/super-yapi.com\/index.php?rest_route=\/wp\/v2\/users\/1"}],"replies":[{"embeddable":true,"href":"https:\/\/super-yapi.com\/index.php?rest_route=%2Fwp%2Fv2%2Fcomments&post=3"}],"version-history":[{"count":0,"href":"https:\/\/super-yapi.com\/index.php?rest_route=\/wp\/v2\/pages\/3\/revisions"}],"wp:attachment":[{"href":"https:\/\/super-yapi.com\/index.php?rest_route=%2Fwp%2Fv2%2Fmedia&parent=3"}],"curies":[{"name":"wp","href":"https:\/\/api.w.org\/{rel}","templated":true}]}}