{"id":1899,"date":"2026-04-06T11:20:26","date_gmt":"2026-04-06T08:20:26","guid":{"rendered":"http:\/\/localhost\/machic\/?page_id=1899"},"modified":"2026-04-11T13:56:44","modified_gmt":"2026-04-11T10:56:44","slug":"hakkimizda","status":"publish","type":"page","link":"https:\/\/super-yapi.com\/?page_id=1899","title":{"rendered":"Hakk\u0131m\u0131zda"},"content":{"rendered":"\t\t<div data-elementor-type=\"wp-page\" data-elementor-id=\"1899\" class=\"elementor elementor-1899\">\n\t\t\t\t\t\t<section class=\"elementor-section elementor-top-section elementor-element elementor-element-a5f5515 elementor-section-boxed elementor-section-height-default elementor-section-height-default\" data-id=\"a5f5515\" data-element_type=\"section\" data-e-type=\"section\">\n\t\t\t\t\t\t<div class=\"elementor-container elementor-column-gap-extended\">\n\t\t\t\t\t<div class=\"elementor-column elementor-col-50 elementor-top-column elementor-element elementor-element-6cd6b07\" data-id=\"6cd6b07\" data-element_type=\"column\" data-e-type=\"column\">\n\t\t\t<div class=\"elementor-widget-wrap elementor-element-populated\">\n\t\t\t\t\t\t<div class=\"elementor-element elementor-element-ef53a64 elementor-widget elementor-widget-machic-custom-title\" data-id=\"ef53a64\" data-element_type=\"widget\" data-e-type=\"widget\" data-widget_type=\"machic-custom-title.default\">\n\t\t\t\t<div class=\"elementor-widget-container\">\n\t\t\t\t\t<div class=\"site-module module-title\"><h4 class=\"entry-subtitle\">S\u00fcper Yap\u0131: Tesisat ve Teknik Malzemede 30 Y\u0131ll\u0131k G\u00fcven<\/h4><h1 class=\"entry-title\">1995&#039;ten bug\u00fcne<\/h1><div class=\"entry-content\"><p>S\u00fcper Yap\u0131, otuz y\u0131la yakla\u015fan ser\u00fcveninde Ankara\u2019n\u0131n teknik malzeme haf\u0131zas\u0131 haline gelmi\u015ftir. Sadece \u00fcr\u00fcn sat\u0131\u015f\u0131 de\u011fil, do\u011fru m\u00fchendislik \u00e7\u00f6z\u00fcmleri ve d\u00fcr\u00fcst ticaret anlay\u0131\u015f\u0131yla tesisat sekt\u00f6r\u00fcnde bir okul disipliniyle hizmet vermeye devam ediyoruz.<\/p><\/div><!-- entry-content --><\/div><!-- site-module -->\t\t\t\t<\/div>\n\t\t\t\t<\/div>\n\t\t\t\t\t<\/div>\n\t\t<\/div>\n\t\t\t\t<div class=\"elementor-column elementor-col-50 elementor-top-column elementor-element elementor-element-e7694d9 elementor-hidden-tablet elementor-hidden-mobile\" data-id=\"e7694d9\" data-element_type=\"column\" data-e-type=\"column\">\n\t\t\t<div class=\"elementor-widget-wrap\">\n\t\t\t\t\t\t\t<\/div>\n\t\t<\/div>\n\t\t\t\t\t<\/div>\n\t\t<\/section>\n\t\t\t\t<section class=\"elementor-section elementor-top-section elementor-element elementor-element-d9d0d9d elementor-section-boxed elementor-section-height-default elementor-section-height-default\" data-id=\"d9d0d9d\" data-element_type=\"section\" data-e-type=\"section\">\n\t\t\t\t\t\t<div class=\"elementor-container elementor-column-gap-extended\">\n\t\t\t\t\t<div class=\"elementor-column elementor-col-33 elementor-top-column elementor-element elementor-element-951e09a\" data-id=\"951e09a\" data-element_type=\"column\" data-e-type=\"column\">\n\t\t\t<div class=\"elementor-widget-wrap elementor-element-populated\">\n\t\t\t\t\t\t<div class=\"elementor-element elementor-element-191b6aa elementor-widget elementor-widget-machic-text-block\" data-id=\"191b6aa\" data-element_type=\"widget\" data-e-type=\"widget\" data-widget_type=\"machic-text-block.default\">\n\t\t\t\t<div class=\"elementor-widget-container\">\n\t\t\t\t\t<div class=\"site-module text-check\"><h3 class=\"entry-title\">Geni\u015f \u00dcr\u00fcn Yelpazesi<\/h3><div class=\"entry-description\"><p>5000&#039;den fazla \u00fcr\u00fcn \u00e7e\u015fidiyle end\u00fcstriyel sistemlerden s\u0131hhi tesisata kadar t\u00fcm ihtiya\u00e7lar\u0131n\u0131z\u0131 tek noktadan kar\u015f\u0131l\u0131yoruz.<\/p><\/div><!-- entry-description --><\/div><!-- site-module -->\t\t\t\t<\/div>\n\t\t\t\t<\/div>\n\t\t\t\t\t<\/div>\n\t\t<\/div>\n\t\t\t\t<div class=\"elementor-column elementor-col-33 elementor-top-column elementor-element elementor-element-9f8a138\" data-id=\"9f8a138\" data-element_type=\"column\" data-e-type=\"column\">\n\t\t\t<div class=\"elementor-widget-wrap elementor-element-populated\">\n\t\t\t\t\t\t<div class=\"elementor-element elementor-element-63848d2 elementor-widget elementor-widget-machic-text-block\" data-id=\"63848d2\" data-element_type=\"widget\" data-e-type=\"widget\" data-widget_type=\"machic-text-block.default\">\n\t\t\t\t<div class=\"elementor-widget-container\">\n\t\t\t\t\t<div class=\"site-module text-check\"><h3 class=\"entry-title\">Uzman Kadro ve Deneyim<\/h3><div class=\"entry-description\"><p>Kurucular\u0131m\u0131z ve ekibimizin R\u00fczgarl\u0131 piyasas\u0131ndaki k\u00f6kl\u00fc tecr\u00fcbesiyle, her teknik sorunuza profesyonel \u00e7\u00f6z\u00fcmler sunuyoruz.<\/p><\/div><!-- entry-description --><\/div><!-- site-module -->\t\t\t\t<\/div>\n\t\t\t\t<\/div>\n\t\t\t\t\t<\/div>\n\t\t<\/div>\n\t\t\t\t<div class=\"elementor-column elementor-col-33 elementor-top-column elementor-element elementor-element-00fc50e\" data-id=\"00fc50e\" data-element_type=\"column\" data-e-type=\"column\">\n\t\t\t<div class=\"elementor-widget-wrap elementor-element-populated\">\n\t\t\t\t\t\t<div class=\"elementor-element elementor-element-3658c8b elementor-widget elementor-widget-machic-text-block\" data-id=\"3658c8b\" data-element_type=\"widget\" data-e-type=\"widget\" data-widget_type=\"machic-text-block.default\">\n\t\t\t\t<div class=\"elementor-widget-container\">\n\t\t\t\t\t<div class=\"site-module text-check\"><h3 class=\"entry-title\">G\u00fc\u00e7l\u00fc Bayilik A\u011f\u0131<\/h3><div class=\"entry-description\"><p>Wilo, ECA, Duyar ve Borusan gibi d\u00fcnya devlerinin bayili\u011fini yaparak, kaliteyi en uygun \u015fartlarla kap\u0131n\u0131za getiriyoruz.<\/p><\/div><!-- entry-description --><\/div><!-- site-module -->\t\t\t\t<\/div>\n\t\t\t\t<\/div>\n\t\t\t\t\t<\/div>\n\t\t<\/div>\n\t\t\t\t\t<\/div>\n\t\t<\/section>\n\t\t\t\t<section class=\"elementor-section elementor-top-section elementor-element elementor-element-1298d0a elementor-section-boxed elementor-section-height-default elementor-section-height-default\" data-id=\"1298d0a\" data-element_type=\"section\" data-e-type=\"section\">\n\t\t\t\t\t\t<div class=\"elementor-container elementor-column-gap-extended\">\n\t\t\t\t\t<div class=\"elementor-column elementor-col-100 elementor-top-column elementor-element elementor-element-1d97292\" data-id=\"1d97292\" data-element_type=\"column\" data-e-type=\"column\">\n\t\t\t<div class=\"elementor-widget-wrap elementor-element-populated\">\n\t\t\t\t\t\t<div class=\"elementor-element elementor-element-19c5942 elementor-widget elementor-widget-image\" data-id=\"19c5942\" data-element_type=\"widget\" data-e-type=\"widget\" data-widget_type=\"image.default\">\n\t\t\t\t\t\t\t\t\t\t\t\t\t\t\t<img fetchpriority=\"high\" decoding=\"async\" width=\"1500\" height=\"645\" src=\"https:\/\/super-yapi.com\/wp-content\/uploads\/2026\/04\/481215713_1043708704444251_766267687716184090_n.jpg\" class=\"attachment-full size-full wp-image-2787\" alt=\"\" srcset=\"https:\/\/super-yapi.com\/wp-content\/uploads\/2026\/04\/481215713_1043708704444251_766267687716184090_n.jpg 1500w, https:\/\/super-yapi.com\/wp-content\/uploads\/2026\/04\/481215713_1043708704444251_766267687716184090_n-300x129.jpg 300w, https:\/\/super-yapi.com\/wp-content\/uploads\/2026\/04\/481215713_1043708704444251_766267687716184090_n-1024x440.jpg 1024w, https:\/\/super-yapi.com\/wp-content\/uploads\/2026\/04\/481215713_1043708704444251_766267687716184090_n-768x330.jpg 768w, https:\/\/super-yapi.com\/wp-content\/uploads\/2026\/04\/481215713_1043708704444251_766267687716184090_n-600x258.jpg 600w, https:\/\/super-yapi.com\/wp-content\/uploads\/2026\/04\/481215713_1043708704444251_766267687716184090_n-90x39.jpg 90w\" sizes=\"(max-width: 1500px) 100vw, 1500px\" \/>\t\t\t\t\t\t\t\t\t\t\t\t\t\t\t<\/div>\n\t\t\t\t\t<\/div>\n\t\t<\/div>\n\t\t\t\t\t<\/div>\n\t\t<\/section>\n\t\t\t\t<section class=\"elementor-section elementor-top-section elementor-element elementor-element-9baf384 elementor-section-boxed elementor-section-height-default elementor-section-height-default\" data-id=\"9baf384\" data-element_type=\"section\" data-e-type=\"section\">\n\t\t\t\t\t\t<div class=\"elementor-container elementor-column-gap-extended\">\n\t\t\t\t\t<div class=\"elementor-column elementor-col-33 elementor-top-column elementor-element elementor-element-7988065 elementor-hidden-tablet elementor-hidden-mobile\" data-id=\"7988065\" data-element_type=\"column\" data-e-type=\"column\">\n\t\t\t<div class=\"elementor-widget-wrap\">\n\t\t\t\t\t\t\t<\/div>\n\t\t<\/div>\n\t\t\t\t<div class=\"elementor-column elementor-col-66 elementor-top-column elementor-element elementor-element-5e986b7\" data-id=\"5e986b7\" data-element_type=\"column\" data-e-type=\"column\">\n\t\t\t<div class=\"elementor-widget-wrap elementor-element-populated\">\n\t\t\t\t\t\t<div class=\"elementor-element elementor-element-c82a70a elementor-widget elementor-widget-text-editor\" data-id=\"c82a70a\" data-element_type=\"widget\" data-e-type=\"widget\" data-widget_type=\"text-editor.default\">\n\t\t\t\t\t\t\t\t\t<p data-path-to-node=\"10\"><b data-path-to-node=\"10\" data-index-in-node=\"0\">S\u00fcper Yap\u0131 \u00dcr\u00fcnleri Ltd. \u015eti.<\/b>, 1995 y\u0131l\u0131nda Meryem BAYINDIR ve Risalettin BAYINDIR taraf\u0131ndan kurulmu\u015f, 1997 y\u0131l\u0131ndan bu yana ise <b data-path-to-node=\"10\" data-index-in-node=\"130\">Ankara R\u00fczgarl\u0131 Hamit Kaplan Sokak\u2019taki<\/b> ma\u011fazas\u0131nda sekt\u00f6r\u00fcn nabz\u0131n\u0131 tutmaya devam etmektedir. Pompadan hidrofora, yang\u0131n s\u00f6nd\u00fcrme sistemlerinden ak\u0131\u015f kontrol elemanlar\u0131na kadar in\u015faat ve end\u00fcstri sekt\u00f6r\u00fcn\u00fcn ihtiya\u00e7 duydu\u011fu her t\u00fcrl\u00fc teknik malzemeyi stoktan teslim avantaj\u0131yla sunuyoruz.<\/p><p data-path-to-node=\"11\">Sadece bir malzeme tedarik\u00e7isi de\u011fil, ayn\u0131 zamanda m\u00fc\u015fterilerimizle uzun vadeli ve g\u00fcvene dayal\u0131 i\u015f ortakl\u0131klar\u0131 kuran bir \u00e7\u00f6z\u00fcm merkeziyiz. Teknolojik geli\u015fmeleri yak\u0131ndan takip ederek, geleneksel esnafl\u0131k k\u00fclt\u00fcr\u00fcm\u00fcz\u00fc dijital d\u00fcnyan\u0131n h\u0131z\u0131yla birle\u015ftiriyor; servis, destek ve h\u0131zl\u0131 teslimat ilkelerimizden \u00f6d\u00fcn vermeden T\u00fcrkiye\u2019nin her noktas\u0131na hizmet veriyoruz.<\/p>\t\t\t\t\t\t\t\t<\/div>\n\t\t\t\t\t<\/div>\n\t\t<\/div>\n\t\t\t\t\t<\/div>\n\t\t<\/section>\n\t\t\t\t<section class=\"elementor-section elementor-top-section elementor-element elementor-element-cd4e40d elementor-section-boxed elementor-section-height-default elementor-section-height-default\" data-id=\"cd4e40d\" data-element_type=\"section\" data-e-type=\"section\">\n\t\t\t\t\t\t<div class=\"elementor-container elementor-column-gap-extended\">\n\t\t\t\t\t<div class=\"elementor-column elementor-col-33 elementor-top-column elementor-element elementor-element-147fca1\" data-id=\"147fca1\" data-element_type=\"column\" data-e-type=\"column\">\n\t\t\t<div class=\"elementor-widget-wrap elementor-element-populated\">\n\t\t\t\t\t\t<div class=\"elementor-element elementor-element-bce646c elementor-widget elementor-widget-machic-text-block\" data-id=\"bce646c\" data-element_type=\"widget\" data-e-type=\"widget\" data-widget_type=\"machic-text-block.default\">\n\t\t\t\t<div class=\"elementor-widget-container\">\n\t\t\t\t\t<div class=\"site-module text-check\"><h3 class=\"entry-title\">Teknik Dan\u0131\u015fmanl\u0131k<\/h3><div class=\"entry-description\"><p>Hangi pompan\u0131n veya vanan\u0131n projenize uygun oldu\u011funu bilmiyor musunuz? Uzman kadromuzla size en verimli \u00fcr\u00fcn se\u00e7iminde rehberlik ediyoruz.<\/p><\/div><!-- entry-description --><\/div><!-- site-module -->\t\t\t\t<\/div>\n\t\t\t\t<\/div>\n\t\t\t\t\t<\/div>\n\t\t<\/div>\n\t\t\t\t<div class=\"elementor-column elementor-col-33 elementor-top-column elementor-element elementor-element-bfd65c2\" data-id=\"bfd65c2\" data-element_type=\"column\" data-e-type=\"column\">\n\t\t\t<div class=\"elementor-widget-wrap elementor-element-populated\">\n\t\t\t\t\t\t<div class=\"elementor-element elementor-element-3492206 elementor-widget elementor-widget-machic-text-block\" data-id=\"3492206\" data-element_type=\"widget\" data-e-type=\"widget\" data-widget_type=\"machic-text-block.default\">\n\t\t\t\t<div class=\"elementor-widget-container\">\n\t\t\t\t\t<div class=\"site-module text-check\"><h3 class=\"entry-title\">Stoktan Hemen Teslim<\/h3><div class=\"entry-description\"><p>&quot;Bug\u00fcn git yar\u0131n gel&quot; devrini kapat\u0131yoruz. 5000 \u00e7e\u015fit \u00fcr\u00fcn sto\u011fumuz sayesinde projelerinizin aksamas\u0131na izin vermeden sevkiyat yap\u0131yoruz.<\/p><\/div><!-- entry-description --><\/div><!-- site-module -->\t\t\t\t<\/div>\n\t\t\t\t<\/div>\n\t\t\t\t\t<\/div>\n\t\t<\/div>\n\t\t\t\t<div class=\"elementor-column elementor-col-33 elementor-top-column elementor-element elementor-element-75c779f\" data-id=\"75c779f\" data-element_type=\"column\" data-e-type=\"column\">\n\t\t\t<div class=\"elementor-widget-wrap elementor-element-populated\">\n\t\t\t\t\t\t<div class=\"elementor-element elementor-element-6a81645 elementor-widget elementor-widget-machic-text-block\" data-id=\"6a81645\" data-element_type=\"widget\" data-e-type=\"widget\" data-widget_type=\"machic-text-block.default\">\n\t\t\t\t<div class=\"elementor-widget-container\">\n\t\t\t\t\t<div class=\"site-module text-check\"><h3 class=\"entry-title\">Sat\u0131\u015f Sonras\u0131 Garanti<\/h3><div class=\"entry-description\"><p>\u00dcr\u00fcn\u00fc satana kadar de\u011fil, sisteminiz \u00e7al\u0131\u015fana kadar yan\u0131n\u0131zday\u0131z. T\u00fcm bayiliklerimizde yetkili servis ve teknik destek g\u00fcvencesi sunuyoruz.<\/p><\/div><!-- entry-description --><\/div><!-- site-module -->\t\t\t\t<\/div>\n\t\t\t\t<\/div>\n\t\t\t\t\t<\/div>\n\t\t<\/div>\n\t\t\t\t\t<\/div>\n\t\t<\/section>\n\t\t\t\t<\/div>\n\t\t","protected":false},"excerpt":{"rendered":"<p>S\u00fcper Yap\u0131: Tesisat ve Teknik Malzemede 30 Y\u0131ll\u0131k G\u00fcven 1995&#039;ten bug\u00fcne S\u00fcper Yap\u0131, otuz y\u0131la yakla\u015fan ser\u00fcveninde Ankara\u2019n\u0131n teknik malzeme haf\u0131zas\u0131 haline gelmi\u015ftir. Sadece \u00fcr\u00fcn sat\u0131\u015f\u0131 de\u011fil, do\u011fru m\u00fchendislik \u00e7\u00f6z\u00fcmleri ve d\u00fcr\u00fcst ticaret anlay\u0131\u015f\u0131yla tesisat sekt\u00f6r\u00fcnde bir okul disipliniyle hizmet vermeye devam ediyoruz. Geni\u015f \u00dcr\u00fcn Yelpazesi 5000&#039;den fazla \u00fcr\u00fcn \u00e7e\u015fidiyle end\u00fcstriyel sistemlerden s\u0131hhi tesisata kadar<\/p>\n<div class=\"klb-readmore entry-button\"><a class=\"btn read-more\" href=\"https:\/\/super-yapi.com\/?page_id=1899\">Detaylar<\/a><\/div>\n","protected":false},"author":1,"featured_media":0,"parent":0,"menu_order":0,"comment_status":"closed","ping_status":"closed","template":"","meta":{"footnotes":""},"class_list":["post-1899","page","type-page","status-publish","hentry"],"_links":{"self":[{"href":"https:\/\/super-yapi.com\/index.php?rest_route=\/wp\/v2\/pages\/1899","targetHints":{"allow":["GET"]}}],"collection":[{"href":"https:\/\/super-yapi.com\/index.php?rest_route=\/wp\/v2\/pages"}],"about":[{"href":"https:\/\/super-yapi.com\/index.php?rest_route=\/wp\/v2\/types\/page"}],"author":[{"embeddable":true,"href":"https:\/\/super-yapi.com\/index.php?rest_route=\/wp\/v2\/users\/1"}],"replies":[{"embeddable":true,"href":"https:\/\/super-yapi.com\/index.php?rest_route=%2Fwp%2Fv2%2Fcomments&post=1899"}],"version-history":[{"count":0,"href":"https:\/\/super-yapi.com\/index.php?rest_route=\/wp\/v2\/pages\/1899\/revisions"}],"wp:attachment":[{"href":"https:\/\/super-yapi.com\/index.php?rest_route=%2Fwp%2Fv2%2Fmedia&parent=1899"}],"curies":[{"name":"wp","href":"https:\/\/api.w.org\/{rel}","templated":true}]}}